{"id":14682,"date":"2023-04-05T15:31:55","date_gmt":"2023-04-05T15:31:55","guid":{"rendered":"https:\/\/neonalpi.it\/geschichte\/"},"modified":"2024-11-22T11:49:10","modified_gmt":"2024-11-22T11:49:10","slug":"geschichte","status":"publish","type":"page","link":"https:\/\/neonalpi.it\/de\/geschichte\/","title":{"rendered":"Geschichte"},"content":{"rendered":"\t\t<div data-elementor-type=\"wp-page\" data-elementor-id=\"14682\" class=\"elementor elementor-14682 elementor-73\" data-elementor-post-type=\"page\">\n\t\t\t\t\t\t<section class=\"elementor-section elementor-top-section elementor-element elementor-element-9efe85a elementor-section-full_width elementor-section-content-middle elementor-reverse-tablet elementor-reverse-mobile elementor-section-height-min-height elementor-section-height-default elementor-section-items-middle elementor-invisible\" data-id=\"9efe85a\" data-element_type=\"section\" data-e-type=\"section\" data-settings=\"{&quot;background_background&quot;:&quot;classic&quot;,&quot;animation&quot;:&quot;fadeInLeft&quot;}\">\n\t\t\t\t\t\t<div class=\"elementor-container elementor-column-gap-no\">\n\t\t\t\t\t<div class=\"elementor-column elementor-col-50 elementor-top-column elementor-element elementor-element-08876fe\" data-id=\"08876fe\" data-element_type=\"column\" data-e-type=\"column\" data-settings=\"{&quot;background_background&quot;:&quot;slideshow&quot;,&quot;background_slideshow_gallery&quot;:[{&quot;id&quot;:518,&quot;url&quot;:&quot;https:\\\/\\\/neonalpi.it\\\/wp-content\\\/uploads\\\/2023\\\/04\\\/bild46.jpg&quot;}],&quot;background_slideshow_loop&quot;:&quot;yes&quot;,&quot;background_slideshow_slide_duration&quot;:5000,&quot;background_slideshow_slide_transition&quot;:&quot;fade&quot;,&quot;background_slideshow_transition_duration&quot;:500}\">\n\t\t\t<div class=\"elementor-widget-wrap elementor-element-populated\">\n\t\t\t\t\t\t<div class=\"elementor-element elementor-element-37bc30b elementor-widget elementor-widget-spacer\" data-id=\"37bc30b\" data-element_type=\"widget\" data-e-type=\"widget\" data-widget_type=\"spacer.default\">\n\t\t\t\t<div class=\"elementor-widget-container\">\n\t\t\t\t\t\t\t<div class=\"elementor-spacer\">\n\t\t\t<div class=\"elementor-spacer-inner\"><\/div>\n\t\t<\/div>\n\t\t\t\t\t\t<\/div>\n\t\t\t\t<\/div>\n\t\t\t\t\t<\/div>\n\t\t<\/div>\n\t\t\t\t<div class=\"elementor-column elementor-col-50 elementor-top-column elementor-element elementor-element-84f193b\" data-id=\"84f193b\" data-element_type=\"column\" data-e-type=\"column\">\n\t\t\t<div class=\"elementor-widget-wrap elementor-element-populated\">\n\t\t\t\t\t\t<div class=\"elementor-element elementor-element-9576078 elementor-widget elementor-widget-heading\" data-id=\"9576078\" data-element_type=\"widget\" data-e-type=\"widget\" data-widget_type=\"heading.default\">\n\t\t\t\t<div class=\"elementor-widget-container\">\n\t\t\t\t\t<h2 class=\"elementor-heading-title elementor-size-default\">Neon Alpi seit 1964<\/h2>\t\t\t\t<\/div>\n\t\t\t\t<\/div>\n\t\t\t\t<div class=\"elementor-element elementor-element-c9c4ca2 elementor-widget elementor-widget-spacer\" data-id=\"c9c4ca2\" data-element_type=\"widget\" data-e-type=\"widget\" data-widget_type=\"spacer.default\">\n\t\t\t\t<div class=\"elementor-widget-container\">\n\t\t\t\t\t\t\t<div class=\"elementor-spacer\">\n\t\t\t<div class=\"elementor-spacer-inner\"><\/div>\n\t\t<\/div>\n\t\t\t\t\t\t<\/div>\n\t\t\t\t<\/div>\n\t\t\t\t<div class=\"elementor-element elementor-element-9d1f0e6 elementor-widget elementor-widget-global elementor-global-13347 elementor-widget-image\" data-id=\"9d1f0e6\" data-element_type=\"widget\" data-e-type=\"widget\" data-widget_type=\"image.default\">\n\t\t\t\t<div class=\"elementor-widget-container\">\n\t\t\t\t\t\t\t\t\t\t\t\t\t\t\t<img fetchpriority=\"high\" decoding=\"async\" width=\"698\" height=\"173\" src=\"https:\/\/neonalpi.it\/wp-content\/uploads\/2024\/04\/neonalpi-handamade-with-love-regular.png\" class=\"attachment-full size-full wp-image-14609\" alt=\"\" srcset=\"https:\/\/neonalpi.it\/wp-content\/uploads\/2024\/04\/neonalpi-handamade-with-love-regular.png 698w, https:\/\/neonalpi.it\/wp-content\/uploads\/2024\/04\/neonalpi-handamade-with-love-regular-300x74.png 300w\" sizes=\"(max-width: 698px) 100vw, 698px\" \/>\t\t\t\t\t\t\t\t\t\t\t\t\t\t\t<\/div>\n\t\t\t\t<\/div>\n\t\t\t\t<div class=\"elementor-element elementor-element-0ef3d33 elementor-widget elementor-widget-spacer\" data-id=\"0ef3d33\" data-element_type=\"widget\" data-e-type=\"widget\" data-widget_type=\"spacer.default\">\n\t\t\t\t<div class=\"elementor-widget-container\">\n\t\t\t\t\t\t\t<div class=\"elementor-spacer\">\n\t\t\t<div class=\"elementor-spacer-inner\"><\/div>\n\t\t<\/div>\n\t\t\t\t\t\t<\/div>\n\t\t\t\t<\/div>\n\t\t\t\t<div class=\"elementor-element elementor-element-63f6711 elementor-mobile-align-justify elementor-tablet-align-left elementor-widget elementor-widget-button\" data-id=\"63f6711\" data-element_type=\"widget\" data-e-type=\"widget\" data-widget_type=\"button.default\">\n\t\t\t\t<div class=\"elementor-widget-container\">\n\t\t\t\t\t\t\t\t\t<div class=\"elementor-button-wrapper\">\n\t\t\t\t\t<a class=\"elementor-button elementor-button-link elementor-size-sm\" href=\"https:\/\/neonalpi.it\/de\/kontakt\/\">\n\t\t\t\t\t\t<span class=\"elementor-button-content-wrapper\">\n\t\t\t\t\t\t<span class=\"elementor-button-icon\">\n\t\t\t\t<i aria-hidden=\"true\" class=\"fas fa-arrow-right\"><\/i>\t\t\t<\/span>\n\t\t\t\t\t\t\t\t\t<span class=\"elementor-button-text\">Unverbindliche Anfrage<\/span>\n\t\t\t\t\t<\/span>\n\t\t\t\t\t<\/a>\n\t\t\t\t<\/div>\n\t\t\t\t\t\t\t\t<\/div>\n\t\t\t\t<\/div>\n\t\t\t\t\t<\/div>\n\t\t<\/div>\n\t\t\t\t\t<\/div>\n\t\t<\/section>\n\t\t\t\t<section class=\"elementor-section elementor-top-section elementor-element elementor-element-d60b807 elementor-section-full_width elementor-section-content-middle elementor-reverse-tablet elementor-reverse-mobile elementor-section-height-min-height elementor-section-height-default elementor-section-items-middle elementor-invisible\" data-id=\"d60b807\" data-element_type=\"section\" data-e-type=\"section\" data-settings=\"{&quot;background_background&quot;:&quot;classic&quot;,&quot;animation&quot;:&quot;fadeInLeft&quot;}\">\n\t\t\t\t\t\t<div class=\"elementor-container elementor-column-gap-no\">\n\t\t\t\t\t<div class=\"elementor-column elementor-col-50 elementor-top-column elementor-element elementor-element-1c2ed26\" data-id=\"1c2ed26\" data-element_type=\"column\" data-e-type=\"column\" data-settings=\"{&quot;background_background&quot;:&quot;classic&quot;}\">\n\t\t\t<div class=\"elementor-widget-wrap elementor-element-populated\">\n\t\t\t\t\t\t<div class=\"elementor-element elementor-element-e1a7f5c elementor-align-right elementor-widget elementor-widget-breadcrumbs\" data-id=\"e1a7f5c\" data-element_type=\"widget\" data-e-type=\"widget\" data-widget_type=\"breadcrumbs.default\">\n\t\t\t\t<div class=\"elementor-widget-container\">\n\t\t\t\t\t<p id=\"breadcrumbs\"><span><span><a href=\"https:\/\/neonalpi.it\/de\/\">Home<\/a><\/span><\/span><\/p>\t\t\t\t<\/div>\n\t\t\t\t<\/div>\n\t\t\t\t\t<\/div>\n\t\t<\/div>\n\t\t\t\t<div class=\"elementor-column elementor-col-50 elementor-top-column elementor-element elementor-element-58840a1\" data-id=\"58840a1\" data-element_type=\"column\" data-e-type=\"column\">\n\t\t\t<div class=\"elementor-widget-wrap\">\n\t\t\t\t\t\t\t<\/div>\n\t\t<\/div>\n\t\t\t\t\t<\/div>\n\t\t<\/section>\n\t\t\t\t<section class=\"elementor-section elementor-top-section elementor-element elementor-element-c1bcbfa elementor-section-full_width elementor-section-height-min-height elementor-section-items-stretch elementor-section-content-middle elementor-reverse-tablet elementor-reverse-mobile elementor-section-height-default\" data-id=\"c1bcbfa\" data-element_type=\"section\" data-e-type=\"section\" data-settings=\"{&quot;background_background&quot;:&quot;classic&quot;}\">\n\t\t\t\t\t\t<div class=\"elementor-container elementor-column-gap-no\">\n\t\t\t\t\t<div class=\"elementor-column elementor-col-50 elementor-top-column elementor-element elementor-element-7882239\" data-id=\"7882239\" data-element_type=\"column\" data-e-type=\"column\" data-settings=\"{&quot;background_background&quot;:&quot;classic&quot;}\">\n\t\t\t<div class=\"elementor-widget-wrap elementor-element-populated\">\n\t\t\t\t\t\t<div class=\"elementor-element elementor-element-3937368 elementor-widget elementor-widget-image\" data-id=\"3937368\" data-element_type=\"widget\" data-e-type=\"widget\" data-widget_type=\"image.default\">\n\t\t\t\t<div class=\"elementor-widget-container\">\n\t\t\t\t\t\t\t\t\t\t\t\t\t\t\t<img decoding=\"async\" width=\"800\" height=\"450\" src=\"https:\/\/neonalpi.it\/wp-content\/uploads\/2024\/01\/famiglia-neonalpi-1024x576.jpg\" class=\"attachment-large size-large wp-image-14603\" alt=\"\" srcset=\"https:\/\/neonalpi.it\/wp-content\/uploads\/2024\/01\/famiglia-neonalpi-1024x576.jpg 1024w, https:\/\/neonalpi.it\/wp-content\/uploads\/2024\/01\/famiglia-neonalpi-300x169.jpg 300w, https:\/\/neonalpi.it\/wp-content\/uploads\/2024\/01\/famiglia-neonalpi-768x432.jpg 768w, https:\/\/neonalpi.it\/wp-content\/uploads\/2024\/01\/famiglia-neonalpi-1536x864.jpg 1536w, https:\/\/neonalpi.it\/wp-content\/uploads\/2024\/01\/famiglia-neonalpi.jpg 1920w\" sizes=\"(max-width: 800px) 100vw, 800px\" \/>\t\t\t\t\t\t\t\t\t\t\t\t\t\t\t<\/div>\n\t\t\t\t<\/div>\n\t\t\t\t\t<\/div>\n\t\t<\/div>\n\t\t\t\t<div class=\"elementor-column elementor-col-50 elementor-top-column elementor-element elementor-element-2faf4b5\" data-id=\"2faf4b5\" data-element_type=\"column\" data-e-type=\"column\" data-settings=\"{&quot;background_background&quot;:&quot;classic&quot;}\">\n\t\t\t<div class=\"elementor-widget-wrap elementor-element-populated\">\n\t\t\t\t\t\t<div class=\"elementor-element elementor-element-258f47ba elementor-widget elementor-widget-heading\" data-id=\"258f47ba\" data-element_type=\"widget\" data-e-type=\"widget\" data-widget_type=\"heading.default\">\n\t\t\t\t<div class=\"elementor-widget-container\">\n\t\t\t\t\t<h2 class=\"elementor-heading-title elementor-size-default\"><br>Unsere Geschichte<\/h2>\t\t\t\t<\/div>\n\t\t\t\t<\/div>\n\t\t\t\t<div class=\"elementor-element elementor-element-3aac8023 elementor-widget elementor-widget-text-editor\" data-id=\"3aac8023\" data-element_type=\"widget\" data-e-type=\"widget\" data-widget_type=\"text-editor.default\">\n\t\t\t\t<div class=\"elementor-widget-container\">\n\t\t\t\t\t\t\t\t\t<p>Neon Alpi wurde 1964 in St. Pauls\/Eppan (BZ) durch den Unternehmergeist von Giancarlo gegr\u00fcndet. In kurzer Zeit entwickelt sich das Unternehmen mit der Unterst\u00fctzung von Giancarlos Ehefrau Anna weiter und w\u00e4chst, bis es zum unangefochtenen Marktf\u00fchrer im Bereich der Beschilderung auf regionaler Ebene wird.<\/p>\n<p>Im Laufe der Jahre wuchs das Unternehmen weiter und integrierte Teile der Familie in den Betrieb: die drei T\u00f6chter Francesca, Ester und Elisa sowie den Schwager Ivano Sommariva, der zum neuen CEO wurde.<\/p>\n<p>Seit jeher ein Synonym f\u00fcr Professionalit\u00e4t und Seriosit\u00e4t, ist das Unternehmen auch auf nationaler und europ\u00e4ischer Ebene t\u00e4tig. Flexibel, dynamisch und kreativ bietet es intelligente, hochwertige L\u00f6sungen mit hoher \u00e4sthetischer Wirkung.<\/p>\n<p>Mit Erfahrung und Know-how sowie einem schlanken, dynamischen und flexiblen Team ist das Unternehmen bereit, all Ihre W\u00fcnsche und Erwartungen im Bereich der Beschilderung zu erf\u00fcllen: von der Projektentwicklung \u00fcber die Einholung der Genehmigungen bei den zust\u00e4ndigen Beh\u00f6rden bis hin zur Produktion und Montage der Schilder sowie der langfristigen Betreuung.<\/p>\n\t\t\t\t\t\t\t\t<\/div>\n\t\t\t\t<\/div>\n\t\t\t\t<div class=\"elementor-element elementor-element-522defb elementor-hidden-desktop elementor-hidden-tablet elementor-hidden-mobile elementor-widget elementor-widget-heading\" data-id=\"522defb\" data-element_type=\"widget\" data-e-type=\"widget\" data-widget_type=\"heading.default\">\n\t\t\t\t<div class=\"elementor-widget-container\">\n\t\t\t\t\t<h2 class=\"elementor-heading-title elementor-size-default\">Eine gro\u00dfe Familie<\/h2>\t\t\t\t<\/div>\n\t\t\t\t<\/div>\n\t\t\t\t<div class=\"elementor-element elementor-element-0266bef elementor-hidden-desktop elementor-hidden-tablet elementor-hidden-mobile elementor-widget elementor-widget-text-editor\" data-id=\"0266bef\" data-element_type=\"widget\" data-e-type=\"widget\" data-widget_type=\"text-editor.default\">\n\t\t\t\t<div class=\"elementor-widget-container\">\n\t\t\t\t\t\t\t\t\t<div class=\"inhalt\">\n<div class=\"bycodeV4\">\n<div class=\"editbox\">\n<p>Mit Erfahrung und Professionalit\u00e4t ist Neon Alpi in der Lage, jede Kundenanforderung zu erf\u00fcllen: von der Projektentwicklung \u00fcber die Einholung der Genehmigungen bei den zust\u00e4ndigen Beh\u00f6rden bis hin zur Installation der Schilder und deren langfristiger Betreuung.<\/p>\n<\/div>\n<\/div>\n<\/div>\n\t\t\t\t\t\t\t\t<\/div>\n\t\t\t\t<\/div>\n\t\t\t\t\t<\/div>\n\t\t<\/div>\n\t\t\t\t\t<\/div>\n\t\t<\/section>\n\t\t\t\t<\/div>\n\t\t","protected":false},"excerpt":{"rendered":"<p>Neon Alpi seit 1964 Unverbindliche Anfrage Unsere Geschichte Neon Alpi wurde 1964 in St. Pauls\/Eppan (BZ) durch den Unternehmergeist von Giancarlo gegr\u00fcndet. In kurzer Zeit entwickelt sich das Unternehmen mit der Unterst\u00fctzung von Giancarlos Ehefrau Anna weiter und w\u00e4chst, bis es zum unangefochtenen Marktf\u00fchrer im Bereich der Beschilderung auf regionaler Ebene wird. Im Laufe der [&hellip;]<\/p>\n","protected":false},"author":1,"featured_media":0,"parent":0,"menu_order":0,"comment_status":"closed","ping_status":"closed","template":"elementor_header_footer","meta":{"footnotes":""},"class_list":["post-14682","page","type-page","status-publish","hentry"],"yoast_head":"<!-- This site is optimized with the Yoast SEO plugin v27.5 - https:\/\/yoast.com\/product\/yoast-seo-wordpress\/ -->\n<title>Geschichte - Neon Alpi<\/title>\n<meta name=\"robots\" content=\"index, follow, max-snippet:-1, max-image-preview:large, max-video-preview:-1\" \/>\n<link rel=\"canonical\" href=\"https:\/\/neonalpi.it\/de\/geschichte\/\" \/>\n<meta property=\"og:locale\" content=\"de_DE\" \/>\n<meta property=\"og:type\" content=\"article\" \/>\n<meta property=\"og:title\" content=\"Geschichte - Neon Alpi\" \/>\n<meta property=\"og:description\" content=\"Neon Alpi seit 1964 Unverbindliche Anfrage Unsere Geschichte Neon Alpi wurde 1964 in St. Pauls\/Eppan (BZ) durch den Unternehmergeist von Giancarlo gegr\u00fcndet. In kurzer Zeit entwickelt sich das Unternehmen mit der Unterst\u00fctzung von Giancarlos Ehefrau Anna weiter und w\u00e4chst, bis es zum unangefochtenen Marktf\u00fchrer im Bereich der Beschilderung auf regionaler Ebene wird. Im Laufe der [&hellip;]\" \/>\n<meta property=\"og:url\" content=\"https:\/\/neonalpi.it\/de\/geschichte\/\" \/>\n<meta property=\"og:site_name\" content=\"Neon Alpi\" \/>\n<meta property=\"article:modified_time\" content=\"2024-11-22T11:49:10+00:00\" \/>\n<meta property=\"og:image\" content=\"https:\/\/neonalpi.it\/wp-content\/uploads\/2024\/04\/neonalpi-handamade-with-love-regular.png\" \/>\n<meta name=\"twitter:card\" content=\"summary_large_image\" \/>\n<meta name=\"twitter:label1\" content=\"Gesch\u00e4tzte Lesezeit\" \/>\n\t<meta name=\"twitter:data1\" content=\"1\u00a0Minute\" \/>\n<script type=\"application\/ld+json\" class=\"yoast-schema-graph\">{\"@context\":\"https:\\\/\\\/schema.org\",\"@graph\":[{\"@type\":\"WebPage\",\"@id\":\"https:\\\/\\\/neonalpi.it\\\/de\\\/geschichte\\\/\",\"url\":\"https:\\\/\\\/neonalpi.it\\\/de\\\/geschichte\\\/\",\"name\":\"Geschichte - Neon Alpi\",\"isPartOf\":{\"@id\":\"https:\\\/\\\/neonalpi.it\\\/de\\\/#website\"},\"primaryImageOfPage\":{\"@id\":\"https:\\\/\\\/neonalpi.it\\\/de\\\/geschichte\\\/#primaryimage\"},\"image\":{\"@id\":\"https:\\\/\\\/neonalpi.it\\\/de\\\/geschichte\\\/#primaryimage\"},\"thumbnailUrl\":\"https:\\\/\\\/neonalpi.it\\\/wp-content\\\/uploads\\\/2024\\\/04\\\/neonalpi-handamade-with-love-regular.png\",\"datePublished\":\"2023-04-05T15:31:55+00:00\",\"dateModified\":\"2024-11-22T11:49:10+00:00\",\"breadcrumb\":{\"@id\":\"https:\\\/\\\/neonalpi.it\\\/de\\\/geschichte\\\/#breadcrumb\"},\"inLanguage\":\"de\",\"potentialAction\":[{\"@type\":\"ReadAction\",\"target\":[\"https:\\\/\\\/neonalpi.it\\\/de\\\/geschichte\\\/\"]}]},{\"@type\":\"ImageObject\",\"inLanguage\":\"de\",\"@id\":\"https:\\\/\\\/neonalpi.it\\\/de\\\/geschichte\\\/#primaryimage\",\"url\":\"https:\\\/\\\/neonalpi.it\\\/wp-content\\\/uploads\\\/2024\\\/04\\\/neonalpi-handamade-with-love-regular.png\",\"contentUrl\":\"https:\\\/\\\/neonalpi.it\\\/wp-content\\\/uploads\\\/2024\\\/04\\\/neonalpi-handamade-with-love-regular.png\"},{\"@type\":\"BreadcrumbList\",\"@id\":\"https:\\\/\\\/neonalpi.it\\\/de\\\/geschichte\\\/#breadcrumb\",\"itemListElement\":[{\"@type\":\"ListItem\",\"position\":1,\"name\":\"Home\",\"item\":\"https:\\\/\\\/neonalpi.it\\\/de\\\/\"},{\"@type\":\"ListItem\",\"position\":2,\"name\":\"Geschichte\"}]},{\"@type\":\"WebSite\",\"@id\":\"https:\\\/\\\/neonalpi.it\\\/de\\\/#website\",\"url\":\"https:\\\/\\\/neonalpi.it\\\/de\\\/\",\"name\":\"Neon Alpi\",\"description\":\"insegne luminose\",\"publisher\":{\"@id\":\"https:\\\/\\\/neonalpi.it\\\/de\\\/#organization\"},\"potentialAction\":[{\"@type\":\"SearchAction\",\"target\":{\"@type\":\"EntryPoint\",\"urlTemplate\":\"https:\\\/\\\/neonalpi.it\\\/de\\\/?s={search_term_string}\"},\"query-input\":{\"@type\":\"PropertyValueSpecification\",\"valueRequired\":true,\"valueName\":\"search_term_string\"}}],\"inLanguage\":\"de\"},{\"@type\":\"Organization\",\"@id\":\"https:\\\/\\\/neonalpi.it\\\/de\\\/#organization\",\"name\":\"Neon Alpi\",\"url\":\"https:\\\/\\\/neonalpi.it\\\/de\\\/\",\"logo\":{\"@type\":\"ImageObject\",\"inLanguage\":\"de\",\"@id\":\"https:\\\/\\\/neonalpi.it\\\/de\\\/#\\\/schema\\\/logo\\\/image\\\/\",\"url\":\"https:\\\/\\\/neonalpi.it\\\/wp-content\\\/uploads\\\/2023\\\/04\\\/logo-neonalpi.svg\",\"contentUrl\":\"https:\\\/\\\/neonalpi.it\\\/wp-content\\\/uploads\\\/2023\\\/04\\\/logo-neonalpi.svg\",\"width\":247,\"height\":45,\"caption\":\"Neon Alpi\"},\"image\":{\"@id\":\"https:\\\/\\\/neonalpi.it\\\/de\\\/#\\\/schema\\\/logo\\\/image\\\/\"}}]}<\/script>\n<!-- \/ Yoast SEO plugin. -->","yoast_head_json":{"title":"Geschichte - Neon Alpi","robots":{"index":"index","follow":"follow","max-snippet":"max-snippet:-1","max-image-preview":"max-image-preview:large","max-video-preview":"max-video-preview:-1"},"canonical":"https:\/\/neonalpi.it\/de\/geschichte\/","og_locale":"de_DE","og_type":"article","og_title":"Geschichte - Neon Alpi","og_description":"Neon Alpi seit 1964 Unverbindliche Anfrage Unsere Geschichte Neon Alpi wurde 1964 in St. Pauls\/Eppan (BZ) durch den Unternehmergeist von Giancarlo gegr\u00fcndet. In kurzer Zeit entwickelt sich das Unternehmen mit der Unterst\u00fctzung von Giancarlos Ehefrau Anna weiter und w\u00e4chst, bis es zum unangefochtenen Marktf\u00fchrer im Bereich der Beschilderung auf regionaler Ebene wird. Im Laufe der [&hellip;]","og_url":"https:\/\/neonalpi.it\/de\/geschichte\/","og_site_name":"Neon Alpi","article_modified_time":"2024-11-22T11:49:10+00:00","og_image":[{"url":"https:\/\/neonalpi.it\/wp-content\/uploads\/2024\/04\/neonalpi-handamade-with-love-regular.png","type":"","width":"","height":""}],"twitter_card":"summary_large_image","twitter_misc":{"Gesch\u00e4tzte Lesezeit":"1\u00a0Minute"},"schema":{"@context":"https:\/\/schema.org","@graph":[{"@type":"WebPage","@id":"https:\/\/neonalpi.it\/de\/geschichte\/","url":"https:\/\/neonalpi.it\/de\/geschichte\/","name":"Geschichte - Neon Alpi","isPartOf":{"@id":"https:\/\/neonalpi.it\/de\/#website"},"primaryImageOfPage":{"@id":"https:\/\/neonalpi.it\/de\/geschichte\/#primaryimage"},"image":{"@id":"https:\/\/neonalpi.it\/de\/geschichte\/#primaryimage"},"thumbnailUrl":"https:\/\/neonalpi.it\/wp-content\/uploads\/2024\/04\/neonalpi-handamade-with-love-regular.png","datePublished":"2023-04-05T15:31:55+00:00","dateModified":"2024-11-22T11:49:10+00:00","breadcrumb":{"@id":"https:\/\/neonalpi.it\/de\/geschichte\/#breadcrumb"},"inLanguage":"de","potentialAction":[{"@type":"ReadAction","target":["https:\/\/neonalpi.it\/de\/geschichte\/"]}]},{"@type":"ImageObject","inLanguage":"de","@id":"https:\/\/neonalpi.it\/de\/geschichte\/#primaryimage","url":"https:\/\/neonalpi.it\/wp-content\/uploads\/2024\/04\/neonalpi-handamade-with-love-regular.png","contentUrl":"https:\/\/neonalpi.it\/wp-content\/uploads\/2024\/04\/neonalpi-handamade-with-love-regular.png"},{"@type":"BreadcrumbList","@id":"https:\/\/neonalpi.it\/de\/geschichte\/#breadcrumb","itemListElement":[{"@type":"ListItem","position":1,"name":"Home","item":"https:\/\/neonalpi.it\/de\/"},{"@type":"ListItem","position":2,"name":"Geschichte"}]},{"@type":"WebSite","@id":"https:\/\/neonalpi.it\/de\/#website","url":"https:\/\/neonalpi.it\/de\/","name":"Neon Alpi","description":"insegne luminose","publisher":{"@id":"https:\/\/neonalpi.it\/de\/#organization"},"potentialAction":[{"@type":"SearchAction","target":{"@type":"EntryPoint","urlTemplate":"https:\/\/neonalpi.it\/de\/?s={search_term_string}"},"query-input":{"@type":"PropertyValueSpecification","valueRequired":true,"valueName":"search_term_string"}}],"inLanguage":"de"},{"@type":"Organization","@id":"https:\/\/neonalpi.it\/de\/#organization","name":"Neon Alpi","url":"https:\/\/neonalpi.it\/de\/","logo":{"@type":"ImageObject","inLanguage":"de","@id":"https:\/\/neonalpi.it\/de\/#\/schema\/logo\/image\/","url":"https:\/\/neonalpi.it\/wp-content\/uploads\/2023\/04\/logo-neonalpi.svg","contentUrl":"https:\/\/neonalpi.it\/wp-content\/uploads\/2023\/04\/logo-neonalpi.svg","width":247,"height":45,"caption":"Neon Alpi"},"image":{"@id":"https:\/\/neonalpi.it\/de\/#\/schema\/logo\/image\/"}}]}},"_links":{"self":[{"href":"https:\/\/neonalpi.it\/de\/wp-json\/wp\/v2\/pages\/14682","targetHints":{"allow":["GET"]}}],"collection":[{"href":"https:\/\/neonalpi.it\/de\/wp-json\/wp\/v2\/pages"}],"about":[{"href":"https:\/\/neonalpi.it\/de\/wp-json\/wp\/v2\/types\/page"}],"author":[{"embeddable":true,"href":"https:\/\/neonalpi.it\/de\/wp-json\/wp\/v2\/users\/1"}],"replies":[{"embeddable":true,"href":"https:\/\/neonalpi.it\/de\/wp-json\/wp\/v2\/comments?post=14682"}],"version-history":[{"count":4,"href":"https:\/\/neonalpi.it\/de\/wp-json\/wp\/v2\/pages\/14682\/revisions"}],"predecessor-version":[{"id":14775,"href":"https:\/\/neonalpi.it\/de\/wp-json\/wp\/v2\/pages\/14682\/revisions\/14775"}],"wp:attachment":[{"href":"https:\/\/neonalpi.it\/de\/wp-json\/wp\/v2\/media?parent=14682"}],"curies":[{"name":"wp","href":"https:\/\/api.w.org\/{rel}","templated":true}]}}